{"id":32695,"date":"2024-11-29T09:00:20","date_gmt":"2024-11-29T09:00:20","guid":{"rendered":"https:\/\/realpro.thimpress.com\/?page_id=32695"},"modified":"2026-02-19T08:44:51","modified_gmt":"2026-02-19T08:44:51","slug":"sobre","status":"publish","type":"page","link":"https:\/\/devolvemocoes.pt\/?page_id=32695","title":{"rendered":"Sobre n\u00f3s"},"content":{"rendered":"\t\t<div data-elementor-type=\"wp-page\" data-elementor-id=\"32695\" class=\"elementor elementor-32695\">\n\t\t\t\t<div class=\"elementor-element elementor-element-48d9458 e-flex e-con-boxed e-con e-parent\" data-id=\"48d9458\" data-element_type=\"container\" data-e-type=\"container\">\n\t\t\t\t\t<div class=\"e-con-inner\">\n\t\t\t\t<div class=\"elementor-element elementor-element-d43857b elementor-widget elementor-widget-heading\" data-id=\"d43857b\" data-element_type=\"widget\" data-e-type=\"widget\" data-widget_type=\"heading.default\">\n\t\t\t\t\t<h1 class=\"elementor-heading-title elementor-size-default\">Sobre n\u00f3s<\/h1>\t\t\t\t<\/div>\n\t\t\t\t<div class=\"elementor-element elementor-element-2cbe99e elementor-widget elementor-widget-text-editor\" data-id=\"2cbe99e\" data-element_type=\"widget\" data-e-type=\"widget\" data-widget_type=\"text-editor.default\">\n\t\t\t\t\t\t\t\t\t<p>Na <strong data-start=\"3\" data-end=\"20\">Devolvemo\u00e7\u00f5es<\/strong>, transformamos cada im\u00f3vel num novo come\u00e7o porque, mais do que vender casas, realizamos sonhos e devolvemos emo\u00e7\u00f5es.<\/p>\t\t\t\t\t\t\t\t<\/div>\n\t\t\t\t<div class=\"elementor-element elementor-element-3590dd9 elementor-widget elementor-widget-image\" data-id=\"3590dd9\" data-element_type=\"widget\" data-e-type=\"widget\" data-widget_type=\"image.default\">\n\t\t\t\t\t\t\t\t\t\t\t\t\t\t\t<img fetchpriority=\"high\" decoding=\"async\" width=\"1290\" height=\"600\" src=\"https:\/\/devolvemocoes.pt\/wp-content\/uploads\/2024\/11\/img-about.png\" class=\"attachment-full size-full wp-image-32700\" alt=\"\" srcset=\"https:\/\/devolvemocoes.pt\/wp-content\/uploads\/2024\/11\/img-about.png 1290w, https:\/\/devolvemocoes.pt\/wp-content\/uploads\/2024\/11\/img-about-300x140.png 300w, https:\/\/devolvemocoes.pt\/wp-content\/uploads\/2024\/11\/img-about-1024x476.png 1024w, https:\/\/devolvemocoes.pt\/wp-content\/uploads\/2024\/11\/img-about-768x357.png 768w, https:\/\/devolvemocoes.pt\/wp-content\/uploads\/2024\/11\/img-about-600x279.png 600w\" sizes=\"(max-width: 1290px) 100vw, 1290px\" \/>\t\t\t\t\t\t\t\t\t\t\t\t\t\t\t<\/div>\n\t\t\t\t\t<\/div>\n\t\t\t\t<\/div>\n\t\t<div class=\"elementor-element elementor-element-3666273 e-flex e-con-boxed e-con e-parent\" data-id=\"3666273\" data-element_type=\"container\" data-e-type=\"container\">\n\t\t\t\t\t<div class=\"e-con-inner\">\n\t\t<div class=\"elementor-element elementor-element-a855798 e-con-full e-flex e-con e-child\" data-id=\"a855798\" data-element_type=\"container\" data-e-type=\"container\">\n\t\t\t\t<div class=\"elementor-element elementor-element-9dec46f elementor-widget elementor-widget-image\" data-id=\"9dec46f\" data-element_type=\"widget\" data-e-type=\"widget\" data-widget_type=\"image.default\">\n\t\t\t\t\t\t\t\t\t\t\t\t\t\t\t<img decoding=\"async\" width=\"615\" height=\"600\" src=\"https:\/\/devolvemocoes.pt\/wp-content\/uploads\/2024\/12\/about-01.png\" class=\"attachment-full size-full wp-image-32739\" alt=\"\" srcset=\"https:\/\/devolvemocoes.pt\/wp-content\/uploads\/2024\/12\/about-01.png 615w, https:\/\/devolvemocoes.pt\/wp-content\/uploads\/2024\/12\/about-01-300x293.png 300w, https:\/\/devolvemocoes.pt\/wp-content\/uploads\/2024\/12\/about-01-600x585.png 600w, https:\/\/devolvemocoes.pt\/wp-content\/uploads\/2024\/12\/about-01-60x60.png 60w\" sizes=\"(max-width: 615px) 100vw, 615px\" \/>\t\t\t\t\t\t\t\t\t\t\t\t\t\t\t<\/div>\n\t\t\t\t<\/div>\n\t\t<div class=\"elementor-element elementor-element-756ca1d e-con-full e-flex e-con e-child\" data-id=\"756ca1d\" data-element_type=\"container\" data-e-type=\"container\">\n\t\t\t\t<div class=\"elementor-element elementor-element-d00c64f elementor-widget__width-inherit elementor-widget elementor-widget-heading\" data-id=\"d00c64f\" data-element_type=\"widget\" data-e-type=\"widget\" data-widget_type=\"heading.default\">\n\t\t\t\t\t<h2 class=\"elementor-heading-title elementor-size-default\">Quem somos<\/h2>\t\t\t\t<\/div>\n\t\t\t\t<div class=\"elementor-element elementor-element-0d40624 elementor-widget elementor-widget-text-editor\" data-id=\"0d40624\" data-element_type=\"widget\" data-e-type=\"widget\" data-widget_type=\"text-editor.default\">\n\t\t\t\t\t\t\t\t\t<p>Na <strong data-start=\"3\" data-end=\"20\">Devolvemo\u00e7\u00f5es<\/strong>, acreditamos que cada im\u00f3vel carrega uma hist\u00f3ria e que cada cliente vive um momento \u00fanico. Somos uma imobili\u00e1ria que se posiciona pela proximidade, transpar\u00eancia e dedica\u00e7\u00e3o, focada em criar experi\u00eancias positivas e memor\u00e1veis em cada etapa do processo de compra, venda ou arrendamento.<\/p>\t\t\t\t\t\t\t\t<\/div>\n\t\t\t\t<div class=\"elementor-element elementor-element-9f071e4 elementor-widget elementor-widget-text-editor\" data-id=\"9f071e4\" data-element_type=\"widget\" data-e-type=\"widget\" data-widget_type=\"text-editor.default\">\n\t\t\t\t\t\t\t\t\t<p>A nossa equipa apresenta um vasto conhecimento do mercado, estrat\u00e9gia e sensibilidade para compreender verdadeiramente as necessidades de quem nos procura. Trabalhamos com rigor, profissionalismo e aten\u00e7\u00e3o ao detalhe, o que garante um acompanhamento personalizado do primeiro contacto at\u00e9 \u00e0 concretiza\u00e7\u00e3o do neg\u00f3cio.<\/p>\t\t\t\t\t\t\t\t<\/div>\n\t\t\t\t<div class=\"elementor-element elementor-element-23a58f9 elementor-widget elementor-widget-text-editor\" data-id=\"23a58f9\" data-element_type=\"widget\" data-e-type=\"widget\" data-widget_type=\"text-editor.default\">\n\t\t\t\t\t\t\t\t\t<p>Mais do que intermediar neg\u00f3cios, constru\u00edmos rela\u00e7\u00f5es de confian\u00e7a. Porque, para n\u00f3s, o mais importante n\u00e3o \u00e9 apenas fechar neg\u00f3cios mas antes devolver emo\u00e7\u00f5es e ajudar cada cliente a encontrar o lugar onde a sua hist\u00f3ria continua.<\/p>\t\t\t\t\t\t\t\t<\/div>\n\t\t\t\t<\/div>\n\t\t\t\t\t<\/div>\n\t\t\t\t<\/div>\n\t\t<div class=\"elementor-element elementor-element-db7d370 e-flex e-con-boxed e-con e-parent\" data-id=\"db7d370\" data-element_type=\"container\" data-e-type=\"container\">\n\t\t\t\t\t<div class=\"e-con-inner\">\n\t\t<div class=\"elementor-element elementor-element-55dce6a e-con-full e-flex e-con e-child\" data-id=\"55dce6a\" data-element_type=\"container\" data-e-type=\"container\">\n\t\t\t\t<div class=\"elementor-element elementor-element-3b6cd92 elementor-widget__width-inherit elementor-widget elementor-widget-heading\" data-id=\"3b6cd92\" data-element_type=\"widget\" data-e-type=\"widget\" data-widget_type=\"heading.default\">\n\t\t\t\t\t<h2 class=\"elementor-heading-title elementor-size-default\">Miss\u00e3o<\/h2>\t\t\t\t<\/div>\n\t\t\t\t<div class=\"elementor-element elementor-element-ddcbc76 elementor-widget elementor-widget-text-editor\" data-id=\"ddcbc76\" data-element_type=\"widget\" data-e-type=\"widget\" data-widget_type=\"text-editor.default\">\n\t\t\t\t\t\t\t\t\t<p>A nossa miss\u00e3o \u00e9 proporcionar um servi\u00e7o imobili\u00e1rio de excel\u00eancia, baseado na transpar\u00eancia, proximidade e compromisso com cada cliente. Trabalhamos para transformar cada processo de compra, venda ou arrendamento numa experi\u00eancia segura, simples e emocionalmente gratificante, garantindo acompanhamento personalizado e solu\u00e7\u00f5es ajustadas \u00e0s necessidades de cada pessoa\/fam\u00edlia.<\/p>\t\t\t\t\t\t\t\t<\/div>\n\t\t\t\t<\/div>\n\t\t<div class=\"elementor-element elementor-element-9bf4202 e-con-full e-flex e-con e-child\" data-id=\"9bf4202\" data-element_type=\"container\" data-e-type=\"container\">\n\t\t\t\t<div class=\"elementor-element elementor-element-0604203 elementor-widget__width-inherit elementor-widget elementor-widget-heading\" data-id=\"0604203\" data-element_type=\"widget\" data-e-type=\"widget\" data-widget_type=\"heading.default\">\n\t\t\t\t\t<h2 class=\"elementor-heading-title elementor-size-default\">Vis\u00e3o<\/h2>\t\t\t\t<\/div>\n\t\t\t\t<div class=\"elementor-element elementor-element-0a1ec8b elementor-widget elementor-widget-text-editor\" data-id=\"0a1ec8b\" data-element_type=\"widget\" data-e-type=\"widget\" data-widget_type=\"text-editor.default\">\n\t\t\t\t\t\t\t\t\t<p>Pretendemos ser uma refer\u00eancia no setor imobili\u00e1rio, reconhecida pela confian\u00e7a, inova\u00e7\u00e3o e impacto positivo na vida das pessoas. Queremos crescer de forma sustent\u00e1vel, mantendo sempre o foco na qualidade do servi\u00e7o e na cria\u00e7\u00e3o de rela\u00e7\u00f5es duradouras, continuando a devolver emo\u00e7\u00f5es a cada nova conquista.<\/p>\t\t\t\t\t\t\t\t<\/div>\n\t\t\t\t<\/div>\n\t\t\t\t\t<\/div>\n\t\t\t\t<\/div>\n\t\t\t\t<\/div>\n\t\t","protected":false},"excerpt":{"rendered":"<p>Sobre n\u00f3s Na Devolvemo\u00e7\u00f5es, transformamos cada im\u00f3vel num novo come\u00e7o porque, mais do que vender casas, realizamos sonhos e devolvemos emo\u00e7\u00f5es. Quem somos Na Devolvemo\u00e7\u00f5es, acreditamos que cada im\u00f3vel carrega uma hist\u00f3ria e que cada cliente vive um momento \u00fanico. [&hellip;]<\/p>\n","protected":false},"author":1,"featured_media":0,"parent":0,"menu_order":0,"comment_status":"closed","ping_status":"closed","template":"","meta":{"footnotes":""},"class_list":["post-32695","page","type-page","status-publish","hentry"],"_links":{"self":[{"href":"https:\/\/devolvemocoes.pt\/index.php?rest_route=\/wp\/v2\/pages\/32695","targetHints":{"allow":["GET"]}}],"collection":[{"href":"https:\/\/devolvemocoes.pt\/index.php?rest_route=\/wp\/v2\/pages"}],"about":[{"href":"https:\/\/devolvemocoes.pt\/index.php?rest_route=\/wp\/v2\/types\/page"}],"author":[{"embeddable":true,"href":"https:\/\/devolvemocoes.pt\/index.php?rest_route=\/wp\/v2\/users\/1"}],"replies":[{"embeddable":true,"href":"https:\/\/devolvemocoes.pt\/index.php?rest_route=%2Fwp%2Fv2%2Fcomments&post=32695"}],"version-history":[{"count":7,"href":"https:\/\/devolvemocoes.pt\/index.php?rest_route=\/wp\/v2\/pages\/32695\/revisions"}],"predecessor-version":[{"id":33271,"href":"https:\/\/devolvemocoes.pt\/index.php?rest_route=\/wp\/v2\/pages\/32695\/revisions\/33271"}],"wp:attachment":[{"href":"https:\/\/devolvemocoes.pt\/index.php?rest_route=%2Fwp%2Fv2%2Fmedia&parent=32695"}],"curies":[{"name":"wp","href":"https:\/\/api.w.org\/{rel}","templated":true}]}}